{"id":43,"date":"2020-10-30T17:28:21","date_gmt":"2020-10-30T17:28:21","guid":{"rendered":"https:\/\/zum-muehlbauer.de\/?page_id=43"},"modified":"2024-08-18T10:41:14","modified_gmt":"2024-08-18T10:41:14","slug":"willkommen","status":"publish","type":"page","link":"https:\/\/zum-muehlbauer.de\/","title":{"rendered":"Willkommen"},"content":{"rendered":"\n<div class=\"wp-block-columns is-layout-flex wp-container-core-columns-is-layout-9d6595d7 wp-block-columns-is-layout-flex\">\n<div class=\"wp-block-column is-layout-flow wp-block-column-is-layout-flow\" style=\"flex-basis:100%\"><\/div>\n<\/div>\n\n\n\n<h2 class=\"wp-block-heading\">Urlaub in den Bergen<\/h2>\n\n\n\n<p>Herzlich Willkommen in unseren Ferienwohnungen \u201eZum M\u00fchlbauer\u201c  in der Jachenau! <\/p>\n\n\n\n<p>Hier im Sonnental, einer der sch\u00f6nsten Gegenden in Oberbayern, finden Sie Entspannung und Erholung inmitten intakter Natur, frischer Luft, glasklaren Seen und umgeben von Bergen.<\/p>\n\n\n\n<p>Dank der idealen Lage unserer beiden Ferienwohnungen sind Sie hier zu jeder Jahreszeit am richtigen Ort. Von hier aus k\u00f6nnen zahlreiche Wanderungen und Radtouren unternommen werden. F\u00fcr eine Abfrischung hinterher sorgt der nur 4 km entfernte Walchensee.<\/p>\n\n\n\n<p>Im Winter verl\u00e4uft die Jachental-Loipe direkt neben unseren Ferienwohnungen, und Sie k\u00f6nnen durch die verschneite Landschaft gleiten. F\u00fcr die alpinen Skil\u00e4ufer gibt es einen Schlepplift in Sichtweite.<\/p>\n\n\n\n<p>Gastronomie und den Jachenauer Dorfladen finden Sie im Ortskern, den Sie in 10 Minuten zu Fu\u00df erreichen.<\/p>\n\n\n\n<div class=\"wp-block-group\"><div class=\"wp-block-group__inner-container is-layout-flow wp-block-group-is-layout-flow\">\n<figure class=\"wp-block-image size-large\"><img loading=\"lazy\" decoding=\"async\" width=\"1024\" height=\"682\" src=\"https:\/\/zum-muehlbauer.de\/wp-content\/uploads\/2021\/10\/Luftaufnahmek-2-1024x682.jpg\" alt=\"\" class=\"wp-image-899\" srcset=\"https:\/\/zum-muehlbauer.de\/wp-content\/uploads\/2021\/10\/Luftaufnahmek-2-1024x682.jpg 1024w, https:\/\/zum-muehlbauer.de\/wp-content\/uploads\/2021\/10\/Luftaufnahmek-2-300x200.jpg 300w, https:\/\/zum-muehlbauer.de\/wp-content\/uploads\/2021\/10\/Luftaufnahmek-2-768x512.jpg 768w, https:\/\/zum-muehlbauer.de\/wp-content\/uploads\/2021\/10\/Luftaufnahmek-2-1536x1023.jpg 1536w\" sizes=\"auto, (max-width: 1024px) 100vw, 1024px\" \/><\/figure>\n<\/div><\/div>\n\n\n\n<figure class=\"wp-block-gallery alignwide has-nested-images columns-default is-cropped wp-block-gallery-1 is-layout-flex wp-block-gallery-is-layout-flex\">\n<figure class=\"wp-block-image size-large\"><img loading=\"lazy\" decoding=\"async\" width=\"1024\" height=\"711\" data-id=\"907\" src=\"https:\/\/zum-muehlbauer.de\/wp-content\/uploads\/2021\/10\/1-2-1024x711.jpg\" alt=\"\" class=\"wp-image-907\" srcset=\"https:\/\/zum-muehlbauer.de\/wp-content\/uploads\/2021\/10\/1-2-1024x711.jpg 1024w, https:\/\/zum-muehlbauer.de\/wp-content\/uploads\/2021\/10\/1-2-300x208.jpg 300w, https:\/\/zum-muehlbauer.de\/wp-content\/uploads\/2021\/10\/1-2-768x534.jpg 768w, https:\/\/zum-muehlbauer.de\/wp-content\/uploads\/2021\/10\/1-2-1536x1067.jpg 1536w, https:\/\/zum-muehlbauer.de\/wp-content\/uploads\/2021\/10\/1-2-2048x1423.jpg 2048w\" sizes=\"auto, (max-width: 1024px) 100vw, 1024px\" \/><\/figure>\n\n\n\n<figure class=\"wp-block-image size-large\"><img loading=\"lazy\" decoding=\"async\" width=\"1024\" height=\"682\" data-id=\"897\" src=\"https:\/\/zum-muehlbauer.de\/wp-content\/uploads\/2021\/10\/Wandmalerei-ft-1024x682.jpg\" alt=\"\" class=\"wp-image-897\" srcset=\"https:\/\/zum-muehlbauer.de\/wp-content\/uploads\/2021\/10\/Wandmalerei-ft-1024x682.jpg 1024w, https:\/\/zum-muehlbauer.de\/wp-content\/uploads\/2021\/10\/Wandmalerei-ft-300x200.jpg 300w, https:\/\/zum-muehlbauer.de\/wp-content\/uploads\/2021\/10\/Wandmalerei-ft-768x512.jpg 768w, https:\/\/zum-muehlbauer.de\/wp-content\/uploads\/2021\/10\/Wandmalerei-ft-1536x1024.jpg 1536w, https:\/\/zum-muehlbauer.de\/wp-content\/uploads\/2021\/10\/Wandmalerei-ft-2048x1365.jpg 2048w\" sizes=\"auto, (max-width: 1024px) 100vw, 1024px\" \/><\/figure>\n<\/figure>\n\n\n\n<div class=\"wp-block-columns are-vertically-aligned-top is-layout-flex wp-container-core-columns-is-layout-9d6595d7 wp-block-columns-is-layout-flex\">\n<div class=\"wp-block-column is-vertically-aligned-top is-layout-flow wp-block-column-is-layout-flow\" style=\"flex-basis:100%\">\n<div class=\"wp-block-columns is-layout-flex wp-container-core-columns-is-layout-9d6595d7 wp-block-columns-is-layout-flex\">\n<div class=\"wp-block-column is-vertically-aligned-top is-layout-flow wp-block-column-is-layout-flow\" style=\"flex-basis:100%\">\n<div class=\"wp-block-group\"><div class=\"wp-block-group__inner-container is-layout-flow wp-block-group-is-layout-flow\">\n<div class=\"wp-block-columns is-layout-flex wp-container-core-columns-is-layout-9d6595d7 wp-block-columns-is-layout-flex\">\n<div class=\"wp-block-column is-layout-flow wp-block-column-is-layout-flow\" style=\"flex-basis:100%\">\n<figure class=\"wp-block-image size-large is-style-default\"><img loading=\"lazy\" decoding=\"async\" width=\"1024\" height=\"576\" src=\"https:\/\/zum-muehlbauer.de\/wp-content\/uploads\/2021\/11\/haus-winter-edited-1024x576.jpg\" alt=\"\" class=\"wp-image-983\" srcset=\"https:\/\/zum-muehlbauer.de\/wp-content\/uploads\/2021\/11\/haus-winter-edited-1024x576.jpg 1024w, https:\/\/zum-muehlbauer.de\/wp-content\/uploads\/2021\/11\/haus-winter-edited-300x169.jpg 300w, https:\/\/zum-muehlbauer.de\/wp-content\/uploads\/2021\/11\/haus-winter-edited-768x432.jpg 768w, https:\/\/zum-muehlbauer.de\/wp-content\/uploads\/2021\/11\/haus-winter-edited-1536x864.jpg 1536w, https:\/\/zum-muehlbauer.de\/wp-content\/uploads\/2021\/11\/haus-winter-edited-2048x1152.jpg 2048w\" sizes=\"auto, (max-width: 1024px) 100vw, 1024px\" \/><\/figure>\n<\/div>\n<\/div>\n<\/div><\/div>\n<\/div>\n<\/div>\n<\/div>\n<\/div>\n\n\n\n<p class=\"has-text-align-center\"><strong>Um Ihnen einen unbeschwerten Urlaub zu erm\u00f6glichen, bieten wir folgende Kleinigkeiten:<\/strong><\/p>\n\n\n\n<p class=\"has-text-align-center\">Parkm\u00f6glichkeit direkt an der Wohnung<\/p>\n\n\n\n<p class=\"has-text-align-center\">kostenloses W-Lan<\/p>\n\n\n\n<p class=\"has-text-align-center\">Grillplatz<\/p>\n\n\n\n<p class=\"has-text-align-center\">Spielh\u00fctte<\/p>\n\n\n\n<p class=\"has-text-align-center\">Trampolin, Sandkasten und Kickerkasten f\u00fcr die kleinen G\u00e4ste<\/p>\n\n\n\n<p><\/p>\n\n\n\n<h2 class=\"wp-block-heading has-text-align-center\"><strong>Wir freuen uns auf Sie!<\/strong>    <\/h2>\n\n\n\n<h2 class=\"wp-block-heading has-text-align-center\"><strong>Ihre Familie Kiefersauer<\/strong><\/h2>\n\n\n\n<p><\/p>\n","protected":false},"excerpt":{"rendered":"<p>Urlaub in den Bergen Herzlich Willkommen in unseren Ferienwohnungen \u201eZum M\u00fchlbauer\u201c in der Jachenau! Hier im Sonnental, einer der sch\u00f6nsten Gegenden in Oberbayern, finden Sie Entspannung und Erholung inmitten intakter Natur, frischer Luft, glasklaren Seen und umgeben von Bergen. Dank der idealen Lage unserer beiden Ferienwohnungen sind Sie hier zu jeder Jahreszeit am richtigen Ort. [&hellip;]<\/p>\n","protected":false},"author":1,"featured_media":0,"parent":0,"menu_order":0,"comment_status":"closed","ping_status":"closed","template":"","meta":{"ngg_post_thumbnail":0,"footnotes":""},"class_list":["post-43","page","type-page","status-publish","hentry","entry"],"yoast_head":"<!-- This site is optimized with the Yoast SEO plugin v27.5 - https:\/\/yoast.com\/product\/yoast-seo-wordpress\/ -->\n<title>Willkommen &quot;Zum M\u00fchlbauer&quot; - Ferienwohnung in der Jachenau<\/title>\n<meta name=\"description\" content=\"Willkommen in der Ferienwohnung &quot;Zum M\u00fchlbauer&quot;. \u00dcbernachten Sie bei einem traditionellen und herzlichen Gastgeber und genie\u00dfen Sie Ihren Urlaub.\" \/>\n<meta name=\"robots\" content=\"index, follow, max-snippet:-1, max-image-preview:large, max-video-preview:-1\" \/>\n<link rel=\"canonical\" href=\"https:\/\/zum-muehlbauer.de\/\" \/>\n<meta property=\"og:locale\" content=\"de_DE\" \/>\n<meta property=\"og:type\" content=\"article\" \/>\n<meta property=\"og:title\" content=\"Willkommen &quot;Zum M\u00fchlbauer&quot; - Ferienwohnung in der Jachenau\" \/>\n<meta property=\"og:description\" content=\"Willkommen in der Ferienwohnung &quot;Zum M\u00fchlbauer&quot;. \u00dcbernachten Sie bei einem traditionellen und herzlichen Gastgeber und genie\u00dfen Sie Ihren Urlaub.\" \/>\n<meta property=\"og:url\" content=\"https:\/\/zum-muehlbauer.de\/\" \/>\n<meta property=\"og:site_name\" content=\"Zum M\u00fchlbauer\" \/>\n<meta property=\"article:modified_time\" content=\"2024-08-18T10:41:14+00:00\" \/>\n<meta property=\"og:image\" content=\"https:\/\/zum-muehlbauer.de\/wp-content\/uploads\/2021\/10\/Luftaufnahmek-2-1024x682.jpg\" \/>\n<meta name=\"twitter:card\" content=\"summary_large_image\" \/>\n<meta name=\"twitter:label1\" content=\"Gesch\u00e4tzte Lesezeit\" \/>\n\t<meta name=\"twitter:data1\" content=\"2\u00a0Minuten\" \/>\n<script type=\"application\/ld+json\" class=\"yoast-schema-graph\">{\"@context\":\"https:\\\/\\\/schema.org\",\"@graph\":[{\"@type\":\"WebPage\",\"@id\":\"https:\\\/\\\/zum-muehlbauer.de\\\/\",\"url\":\"https:\\\/\\\/zum-muehlbauer.de\\\/\",\"name\":\"Willkommen \\\"Zum M\u00fchlbauer\\\" - Ferienwohnung in der Jachenau\",\"isPartOf\":{\"@id\":\"https:\\\/\\\/zum-muehlbauer.de\\\/#website\"},\"primaryImageOfPage\":{\"@id\":\"https:\\\/\\\/zum-muehlbauer.de\\\/#primaryimage\"},\"image\":{\"@id\":\"https:\\\/\\\/zum-muehlbauer.de\\\/#primaryimage\"},\"thumbnailUrl\":\"https:\\\/\\\/zum-muehlbauer.de\\\/wp-content\\\/uploads\\\/2021\\\/10\\\/Luftaufnahmek-2-1024x682.jpg\",\"datePublished\":\"2020-10-30T17:28:21+00:00\",\"dateModified\":\"2024-08-18T10:41:14+00:00\",\"description\":\"Willkommen in der Ferienwohnung \\\"Zum M\u00fchlbauer\\\". \u00dcbernachten Sie bei einem traditionellen und herzlichen Gastgeber und genie\u00dfen Sie Ihren Urlaub.\",\"breadcrumb\":{\"@id\":\"https:\\\/\\\/zum-muehlbauer.de\\\/#breadcrumb\"},\"inLanguage\":\"de\",\"potentialAction\":[{\"@type\":\"ReadAction\",\"target\":[\"https:\\\/\\\/zum-muehlbauer.de\\\/\"]}]},{\"@type\":\"ImageObject\",\"inLanguage\":\"de\",\"@id\":\"https:\\\/\\\/zum-muehlbauer.de\\\/#primaryimage\",\"url\":\"https:\\\/\\\/zum-muehlbauer.de\\\/wp-content\\\/uploads\\\/2021\\\/10\\\/Luftaufnahmek-2-scaled.jpg\",\"contentUrl\":\"https:\\\/\\\/zum-muehlbauer.de\\\/wp-content\\\/uploads\\\/2021\\\/10\\\/Luftaufnahmek-2-scaled.jpg\",\"width\":2560,\"height\":1705},{\"@type\":\"BreadcrumbList\",\"@id\":\"https:\\\/\\\/zum-muehlbauer.de\\\/#breadcrumb\",\"itemListElement\":[{\"@type\":\"ListItem\",\"position\":1,\"name\":\"Home\",\"item\":\"https:\\\/\\\/zum-muehlbauer.de\\\/\"},{\"@type\":\"ListItem\",\"position\":2,\"name\":\"Willkommen\"}]},{\"@type\":\"WebSite\",\"@id\":\"https:\\\/\\\/zum-muehlbauer.de\\\/#website\",\"url\":\"https:\\\/\\\/zum-muehlbauer.de\\\/\",\"name\":\"Zum M\u00fchlbauer\",\"description\":\"im Sonnental Jachenau\",\"publisher\":{\"@id\":\"https:\\\/\\\/zum-muehlbauer.de\\\/#organization\"},\"potentialAction\":[{\"@type\":\"SearchAction\",\"target\":{\"@type\":\"EntryPoint\",\"urlTemplate\":\"https:\\\/\\\/zum-muehlbauer.de\\\/?s={search_term_string}\"},\"query-input\":{\"@type\":\"PropertyValueSpecification\",\"valueRequired\":true,\"valueName\":\"search_term_string\"}}],\"inLanguage\":\"de\"},{\"@type\":\"Organization\",\"@id\":\"https:\\\/\\\/zum-muehlbauer.de\\\/#organization\",\"name\":\"Zum M\u00fchlbauer\",\"url\":\"https:\\\/\\\/zum-muehlbauer.de\\\/\",\"logo\":{\"@type\":\"ImageObject\",\"inLanguage\":\"de\",\"@id\":\"https:\\\/\\\/zum-muehlbauer.de\\\/#\\\/schema\\\/logo\\\/image\\\/\",\"url\":\"https:\\\/\\\/zum-muehlbauer.de\\\/wp-content\\\/uploads\\\/2020\\\/12\\\/cropped-Logo.png\",\"contentUrl\":\"https:\\\/\\\/zum-muehlbauer.de\\\/wp-content\\\/uploads\\\/2020\\\/12\\\/cropped-Logo.png\",\"width\":150,\"height\":92,\"caption\":\"Zum M\u00fchlbauer\"},\"image\":{\"@id\":\"https:\\\/\\\/zum-muehlbauer.de\\\/#\\\/schema\\\/logo\\\/image\\\/\"}}]}<\/script>\n<!-- \/ Yoast SEO plugin. -->","yoast_head_json":{"title":"Willkommen \"Zum M\u00fchlbauer\" - Ferienwohnung in der Jachenau","description":"Willkommen in der Ferienwohnung \"Zum M\u00fchlbauer\". \u00dcbernachten Sie bei einem traditionellen und herzlichen Gastgeber und genie\u00dfen Sie Ihren Urlaub.","robots":{"index":"index","follow":"follow","max-snippet":"max-snippet:-1","max-image-preview":"max-image-preview:large","max-video-preview":"max-video-preview:-1"},"canonical":"https:\/\/zum-muehlbauer.de\/","og_locale":"de_DE","og_type":"article","og_title":"Willkommen \"Zum M\u00fchlbauer\" - Ferienwohnung in der Jachenau","og_description":"Willkommen in der Ferienwohnung \"Zum M\u00fchlbauer\". \u00dcbernachten Sie bei einem traditionellen und herzlichen Gastgeber und genie\u00dfen Sie Ihren Urlaub.","og_url":"https:\/\/zum-muehlbauer.de\/","og_site_name":"Zum M\u00fchlbauer","article_modified_time":"2024-08-18T10:41:14+00:00","og_image":[{"url":"https:\/\/zum-muehlbauer.de\/wp-content\/uploads\/2021\/10\/Luftaufnahmek-2-1024x682.jpg","type":"","width":"","height":""}],"twitter_card":"summary_large_image","twitter_misc":{"Gesch\u00e4tzte Lesezeit":"2\u00a0Minuten"},"schema":{"@context":"https:\/\/schema.org","@graph":[{"@type":"WebPage","@id":"https:\/\/zum-muehlbauer.de\/","url":"https:\/\/zum-muehlbauer.de\/","name":"Willkommen \"Zum M\u00fchlbauer\" - Ferienwohnung in der Jachenau","isPartOf":{"@id":"https:\/\/zum-muehlbauer.de\/#website"},"primaryImageOfPage":{"@id":"https:\/\/zum-muehlbauer.de\/#primaryimage"},"image":{"@id":"https:\/\/zum-muehlbauer.de\/#primaryimage"},"thumbnailUrl":"https:\/\/zum-muehlbauer.de\/wp-content\/uploads\/2021\/10\/Luftaufnahmek-2-1024x682.jpg","datePublished":"2020-10-30T17:28:21+00:00","dateModified":"2024-08-18T10:41:14+00:00","description":"Willkommen in der Ferienwohnung \"Zum M\u00fchlbauer\". \u00dcbernachten Sie bei einem traditionellen und herzlichen Gastgeber und genie\u00dfen Sie Ihren Urlaub.","breadcrumb":{"@id":"https:\/\/zum-muehlbauer.de\/#breadcrumb"},"inLanguage":"de","potentialAction":[{"@type":"ReadAction","target":["https:\/\/zum-muehlbauer.de\/"]}]},{"@type":"ImageObject","inLanguage":"de","@id":"https:\/\/zum-muehlbauer.de\/#primaryimage","url":"https:\/\/zum-muehlbauer.de\/wp-content\/uploads\/2021\/10\/Luftaufnahmek-2-scaled.jpg","contentUrl":"https:\/\/zum-muehlbauer.de\/wp-content\/uploads\/2021\/10\/Luftaufnahmek-2-scaled.jpg","width":2560,"height":1705},{"@type":"BreadcrumbList","@id":"https:\/\/zum-muehlbauer.de\/#breadcrumb","itemListElement":[{"@type":"ListItem","position":1,"name":"Home","item":"https:\/\/zum-muehlbauer.de\/"},{"@type":"ListItem","position":2,"name":"Willkommen"}]},{"@type":"WebSite","@id":"https:\/\/zum-muehlbauer.de\/#website","url":"https:\/\/zum-muehlbauer.de\/","name":"Zum M\u00fchlbauer","description":"im Sonnental Jachenau","publisher":{"@id":"https:\/\/zum-muehlbauer.de\/#organization"},"potentialAction":[{"@type":"SearchAction","target":{"@type":"EntryPoint","urlTemplate":"https:\/\/zum-muehlbauer.de\/?s={search_term_string}"},"query-input":{"@type":"PropertyValueSpecification","valueRequired":true,"valueName":"search_term_string"}}],"inLanguage":"de"},{"@type":"Organization","@id":"https:\/\/zum-muehlbauer.de\/#organization","name":"Zum M\u00fchlbauer","url":"https:\/\/zum-muehlbauer.de\/","logo":{"@type":"ImageObject","inLanguage":"de","@id":"https:\/\/zum-muehlbauer.de\/#\/schema\/logo\/image\/","url":"https:\/\/zum-muehlbauer.de\/wp-content\/uploads\/2020\/12\/cropped-Logo.png","contentUrl":"https:\/\/zum-muehlbauer.de\/wp-content\/uploads\/2020\/12\/cropped-Logo.png","width":150,"height":92,"caption":"Zum M\u00fchlbauer"},"image":{"@id":"https:\/\/zum-muehlbauer.de\/#\/schema\/logo\/image\/"}}]}},"jetpack_sharing_enabled":true,"_links":{"self":[{"href":"https:\/\/zum-muehlbauer.de\/index.php\/wp-json\/wp\/v2\/pages\/43","targetHints":{"allow":["GET"]}}],"collection":[{"href":"https:\/\/zum-muehlbauer.de\/index.php\/wp-json\/wp\/v2\/pages"}],"about":[{"href":"https:\/\/zum-muehlbauer.de\/index.php\/wp-json\/wp\/v2\/types\/page"}],"author":[{"embeddable":true,"href":"https:\/\/zum-muehlbauer.de\/index.php\/wp-json\/wp\/v2\/users\/1"}],"replies":[{"embeddable":true,"href":"https:\/\/zum-muehlbauer.de\/index.php\/wp-json\/wp\/v2\/comments?post=43"}],"version-history":[{"count":73,"href":"https:\/\/zum-muehlbauer.de\/index.php\/wp-json\/wp\/v2\/pages\/43\/revisions"}],"predecessor-version":[{"id":1228,"href":"https:\/\/zum-muehlbauer.de\/index.php\/wp-json\/wp\/v2\/pages\/43\/revisions\/1228"}],"wp:attachment":[{"href":"https:\/\/zum-muehlbauer.de\/index.php\/wp-json\/wp\/v2\/media?parent=43"}],"curies":[{"name":"wp","href":"https:\/\/api.w.org\/{rel}","templated":true}]}}