{"id":46,"date":"2020-10-30T17:29:42","date_gmt":"2020-10-30T17:29:42","guid":{"rendered":"https:\/\/zum-muehlbauer.de\/?page_id=46"},"modified":"2025-09-28T19:05:33","modified_gmt":"2025-09-28T19:05:33","slug":"wohnung-muehlbach","status":"publish","type":"page","link":"https:\/\/zum-muehlbauer.de\/index.php\/wohnung-muehlbach\/","title":{"rendered":"Ferienwohnung &#8222;M\u00fchlbach&#8220;"},"content":{"rendered":"\n<p><\/p>\n\n\n\n<p><\/p>\n\n\n\n<p><\/p>\n\n\n\n<h1 class=\"wp-block-heading\">Ferienwohnung M\u00fchlbach<\/h1>\n\n\n\n<p>Die <strong>Ferienwohnung M\u00fchlbach <\/strong>bietet mit einer Gr\u00f6\u00dfe von etwa 64 qm reichlich Platz f\u00fcr bis zu 5 Personen. Die gem\u00fctlich eingerichtete Ferienwohnung befindet sich im Erdgeschoss und besitzt eine Terrasse mit Blick auf Wiesen und Berge, ausgestattet mit Esstisch und Bank.<\/p>\n\n\n\n<p>Die Wohnung verf\u00fcgt \u00fcber zwei getrennte Schlafzimmer, bei einem Schlafzimmer mit Option auf einen weiteren Schlafplatz (Schlafcouch).<\/p>\n\n\n\n<div class=\"wp-block-columns is-layout-flex wp-container-core-columns-is-layout-9d6595d7 wp-block-columns-is-layout-flex\">\n<div class=\"wp-block-column is-layout-flow wp-block-column-is-layout-flow\">\nngg_shortcode_0_placeholder\n<\/div>\n\n\n\n<div class=\"wp-block-column is-vertically-aligned-center is-layout-flow wp-block-column-is-layout-flow\">\n<p><\/p>\n\n\n\n<div class=\"wp-block-buttons is-layout-flex wp-block-buttons-is-layout-flex\">\n<div class=\"wp-block-button\"><a class=\"wp-block-button__link wp-element-button\" href=\"https:\/\/zum-muehlbauer.de\/index.php\/preise\/\">Preise<\/a><\/div>\n\n\n\n<div class=\"wp-block-button\"><a class=\"wp-block-button__link wp-element-button\" href=\"https:\/\/direct.bookingandmore.com\/accommodation\/116bb9cf-d94c-4c12-8702-e3f819083d50?lang=de&amp;serviceIds=f43fe310-a0be-4866-8639-b4a4fa51fcef\" target=\"_blank\" rel=\"noreferrer noopener\">Belegungskalender<\/a><\/div>\n<\/div>\n\n\n\n<ul class=\"wp-block-list\">\n<li>64qm Wohnfl\u00e4che, bis 5 Personen<\/li>\n\n\n\n<li>Schlafzimmer 1: Doppelbett<\/li>\n\n\n\n<li>Schlafzimmer 2: 2 Einzelbetten + Schlafcouch<\/li>\n\n\n\n<li>Badezimmer mit Dusche, WC und eine seperate Toilette<\/li>\n\n\n\n<li>komplett ausgestattete K\u00fcche mit E-Herd, Backofen, K\u00fchlschrank mit Gefrierfach, Geschirrsp\u00fcler, Kaffeemaschine, Wasserkocher, Eierkocher und Toaster + TV<\/li>\n\n\n\n<li>Terrasse mit Sitzgelegenheit<\/li>\n\n\n\n<li>kostenloses W-lan<\/li>\n\n\n\n<li>Bettw\u00e4sche vorhanden<\/li>\n\n\n\n<li>Handt\u00fccher und Geschirrt\u00fccher vorhanden<\/li>\n\n\n\n<li>Gitterbett und Babystuhl auf Anfrage<\/li>\n\n\n\n<li>Sat-TV<\/li>\n\n\n\n<li>Nichtraucherwohnung<\/li>\n\n\n\n<li>Liegewiese mit Spielm\u00f6glichkeiten<\/li>\n\n\n\n<li>Grillplatz<\/li>\n<\/ul>\n\n\n\n<p><strong>Preise pro Wohnung und Tag ab 65 Euro<br><\/strong>bei einer Mietdauer ab 4 \u00dcbernachtungen<\/p>\n\n\n\n<p>Anreise ab 15.00 Uhr, Abreise bis 10.00 Uhr.<\/p>\n<\/div>\n<\/div>\n\n\n\nngg_shortcode_1_placeholder\n","protected":false},"excerpt":{"rendered":"<p>Ferienwohnung M\u00fchlbach Die Ferienwohnung M\u00fchlbach bietet mit einer Gr\u00f6\u00dfe von etwa 64 qm reichlich Platz f\u00fcr bis zu 5 Personen. Die gem\u00fctlich eingerichtete Ferienwohnung befindet sich im Erdgeschoss und besitzt eine Terrasse mit Blick auf Wiesen und Berge, ausgestattet mit Esstisch und Bank. Die Wohnung verf\u00fcgt \u00fcber zwei getrennte Schlafzimmer, bei einem Schlafzimmer mit Option [&hellip;]<\/p>\n","protected":false},"author":1,"featured_media":0,"parent":0,"menu_order":0,"comment_status":"closed","ping_status":"closed","template":"","meta":{"ngg_post_thumbnail":0,"footnotes":""},"class_list":["post-46","page","type-page","status-publish","hentry","entry"],"yoast_head":"<!-- This site is optimized with the Yoast SEO plugin v27.5 - https:\/\/yoast.com\/product\/yoast-seo-wordpress\/ -->\n<title>Wohnung &quot;M\u00fchlbach&quot; - Ferienwohnung in der Jachenau<\/title>\n<meta name=\"description\" content=\"In der Wohnung&quot;M\u00fchlbach&quot; erwartet Sie eine gem\u00fctliche Atmosph\u00e4re, in der Sie die Alltagsstress vergessen und Ihren Urlaub genie\u00dfen k\u00f6nnen.\" \/>\n<meta name=\"robots\" content=\"index, follow, max-snippet:-1, max-image-preview:large, max-video-preview:-1\" \/>\n<link rel=\"canonical\" href=\"https:\/\/zum-muehlbauer.de\/index.php\/wohnung-muehlbach\/\" \/>\n<meta property=\"og:locale\" content=\"de_DE\" \/>\n<meta property=\"og:type\" content=\"article\" \/>\n<meta property=\"og:title\" content=\"Wohnung &quot;M\u00fchlbach&quot; - Ferienwohnung in der Jachenau\" \/>\n<meta property=\"og:description\" content=\"In der Wohnung&quot;M\u00fchlbach&quot; erwartet Sie eine gem\u00fctliche Atmosph\u00e4re, in der Sie die Alltagsstress vergessen und Ihren Urlaub genie\u00dfen k\u00f6nnen.\" \/>\n<meta property=\"og:url\" content=\"https:\/\/zum-muehlbauer.de\/index.php\/wohnung-muehlbach\/\" \/>\n<meta property=\"og:site_name\" content=\"Zum M\u00fchlbauer\" \/>\n<meta property=\"article:modified_time\" content=\"2025-09-28T19:05:33+00:00\" \/>\n<meta name=\"twitter:card\" content=\"summary_large_image\" \/>\n<meta name=\"twitter:label1\" content=\"Gesch\u00e4tzte Lesezeit\" \/>\n\t<meta name=\"twitter:data1\" content=\"1\u00a0Minute\" \/>\n<script type=\"application\/ld+json\" class=\"yoast-schema-graph\">{\"@context\":\"https:\\\/\\\/schema.org\",\"@graph\":[{\"@type\":\"WebPage\",\"@id\":\"https:\\\/\\\/zum-muehlbauer.de\\\/index.php\\\/wohnung-muehlbach\\\/\",\"url\":\"https:\\\/\\\/zum-muehlbauer.de\\\/index.php\\\/wohnung-muehlbach\\\/\",\"name\":\"Wohnung \\\"M\u00fchlbach\\\" - Ferienwohnung in der Jachenau\",\"isPartOf\":{\"@id\":\"https:\\\/\\\/zum-muehlbauer.de\\\/#website\"},\"datePublished\":\"2020-10-30T17:29:42+00:00\",\"dateModified\":\"2025-09-28T19:05:33+00:00\",\"description\":\"In der Wohnung\\\"M\u00fchlbach\\\" erwartet Sie eine gem\u00fctliche Atmosph\u00e4re, in der Sie die Alltagsstress vergessen und Ihren Urlaub genie\u00dfen k\u00f6nnen.\",\"breadcrumb\":{\"@id\":\"https:\\\/\\\/zum-muehlbauer.de\\\/index.php\\\/wohnung-muehlbach\\\/#breadcrumb\"},\"inLanguage\":\"de\",\"potentialAction\":[{\"@type\":\"ReadAction\",\"target\":[\"https:\\\/\\\/zum-muehlbauer.de\\\/index.php\\\/wohnung-muehlbach\\\/\"]}]},{\"@type\":\"BreadcrumbList\",\"@id\":\"https:\\\/\\\/zum-muehlbauer.de\\\/index.php\\\/wohnung-muehlbach\\\/#breadcrumb\",\"itemListElement\":[{\"@type\":\"ListItem\",\"position\":1,\"name\":\"Home\",\"item\":\"https:\\\/\\\/zum-muehlbauer.de\\\/\"},{\"@type\":\"ListItem\",\"position\":2,\"name\":\"Ferienwohnung &#8222;M\u00fchlbach&#8220;\"}]},{\"@type\":\"WebSite\",\"@id\":\"https:\\\/\\\/zum-muehlbauer.de\\\/#website\",\"url\":\"https:\\\/\\\/zum-muehlbauer.de\\\/\",\"name\":\"Zum M\u00fchlbauer\",\"description\":\"im Sonnental Jachenau\",\"publisher\":{\"@id\":\"https:\\\/\\\/zum-muehlbauer.de\\\/#organization\"},\"potentialAction\":[{\"@type\":\"SearchAction\",\"target\":{\"@type\":\"EntryPoint\",\"urlTemplate\":\"https:\\\/\\\/zum-muehlbauer.de\\\/?s={search_term_string}\"},\"query-input\":{\"@type\":\"PropertyValueSpecification\",\"valueRequired\":true,\"valueName\":\"search_term_string\"}}],\"inLanguage\":\"de\"},{\"@type\":\"Organization\",\"@id\":\"https:\\\/\\\/zum-muehlbauer.de\\\/#organization\",\"name\":\"Zum M\u00fchlbauer\",\"url\":\"https:\\\/\\\/zum-muehlbauer.de\\\/\",\"logo\":{\"@type\":\"ImageObject\",\"inLanguage\":\"de\",\"@id\":\"https:\\\/\\\/zum-muehlbauer.de\\\/#\\\/schema\\\/logo\\\/image\\\/\",\"url\":\"https:\\\/\\\/zum-muehlbauer.de\\\/wp-content\\\/uploads\\\/2020\\\/12\\\/cropped-Logo.png\",\"contentUrl\":\"https:\\\/\\\/zum-muehlbauer.de\\\/wp-content\\\/uploads\\\/2020\\\/12\\\/cropped-Logo.png\",\"width\":150,\"height\":92,\"caption\":\"Zum M\u00fchlbauer\"},\"image\":{\"@id\":\"https:\\\/\\\/zum-muehlbauer.de\\\/#\\\/schema\\\/logo\\\/image\\\/\"}}]}<\/script>\n<!-- \/ Yoast SEO plugin. -->","yoast_head_json":{"title":"Wohnung \"M\u00fchlbach\" - Ferienwohnung in der Jachenau","description":"In der Wohnung\"M\u00fchlbach\" erwartet Sie eine gem\u00fctliche Atmosph\u00e4re, in der Sie die Alltagsstress vergessen und Ihren Urlaub genie\u00dfen k\u00f6nnen.","robots":{"index":"index","follow":"follow","max-snippet":"max-snippet:-1","max-image-preview":"max-image-preview:large","max-video-preview":"max-video-preview:-1"},"canonical":"https:\/\/zum-muehlbauer.de\/index.php\/wohnung-muehlbach\/","og_locale":"de_DE","og_type":"article","og_title":"Wohnung \"M\u00fchlbach\" - Ferienwohnung in der Jachenau","og_description":"In der Wohnung\"M\u00fchlbach\" erwartet Sie eine gem\u00fctliche Atmosph\u00e4re, in der Sie die Alltagsstress vergessen und Ihren Urlaub genie\u00dfen k\u00f6nnen.","og_url":"https:\/\/zum-muehlbauer.de\/index.php\/wohnung-muehlbach\/","og_site_name":"Zum M\u00fchlbauer","article_modified_time":"2025-09-28T19:05:33+00:00","twitter_card":"summary_large_image","twitter_misc":{"Gesch\u00e4tzte Lesezeit":"1\u00a0Minute"},"schema":{"@context":"https:\/\/schema.org","@graph":[{"@type":"WebPage","@id":"https:\/\/zum-muehlbauer.de\/index.php\/wohnung-muehlbach\/","url":"https:\/\/zum-muehlbauer.de\/index.php\/wohnung-muehlbach\/","name":"Wohnung \"M\u00fchlbach\" - Ferienwohnung in der Jachenau","isPartOf":{"@id":"https:\/\/zum-muehlbauer.de\/#website"},"datePublished":"2020-10-30T17:29:42+00:00","dateModified":"2025-09-28T19:05:33+00:00","description":"In der Wohnung\"M\u00fchlbach\" erwartet Sie eine gem\u00fctliche Atmosph\u00e4re, in der Sie die Alltagsstress vergessen und Ihren Urlaub genie\u00dfen k\u00f6nnen.","breadcrumb":{"@id":"https:\/\/zum-muehlbauer.de\/index.php\/wohnung-muehlbach\/#breadcrumb"},"inLanguage":"de","potentialAction":[{"@type":"ReadAction","target":["https:\/\/zum-muehlbauer.de\/index.php\/wohnung-muehlbach\/"]}]},{"@type":"BreadcrumbList","@id":"https:\/\/zum-muehlbauer.de\/index.php\/wohnung-muehlbach\/#breadcrumb","itemListElement":[{"@type":"ListItem","position":1,"name":"Home","item":"https:\/\/zum-muehlbauer.de\/"},{"@type":"ListItem","position":2,"name":"Ferienwohnung &#8222;M\u00fchlbach&#8220;"}]},{"@type":"WebSite","@id":"https:\/\/zum-muehlbauer.de\/#website","url":"https:\/\/zum-muehlbauer.de\/","name":"Zum M\u00fchlbauer","description":"im Sonnental Jachenau","publisher":{"@id":"https:\/\/zum-muehlbauer.de\/#organization"},"potentialAction":[{"@type":"SearchAction","target":{"@type":"EntryPoint","urlTemplate":"https:\/\/zum-muehlbauer.de\/?s={search_term_string}"},"query-input":{"@type":"PropertyValueSpecification","valueRequired":true,"valueName":"search_term_string"}}],"inLanguage":"de"},{"@type":"Organization","@id":"https:\/\/zum-muehlbauer.de\/#organization","name":"Zum M\u00fchlbauer","url":"https:\/\/zum-muehlbauer.de\/","logo":{"@type":"ImageObject","inLanguage":"de","@id":"https:\/\/zum-muehlbauer.de\/#\/schema\/logo\/image\/","url":"https:\/\/zum-muehlbauer.de\/wp-content\/uploads\/2020\/12\/cropped-Logo.png","contentUrl":"https:\/\/zum-muehlbauer.de\/wp-content\/uploads\/2020\/12\/cropped-Logo.png","width":150,"height":92,"caption":"Zum M\u00fchlbauer"},"image":{"@id":"https:\/\/zum-muehlbauer.de\/#\/schema\/logo\/image\/"}}]}},"jetpack_sharing_enabled":true,"_links":{"self":[{"href":"https:\/\/zum-muehlbauer.de\/index.php\/wp-json\/wp\/v2\/pages\/46","targetHints":{"allow":["GET"]}}],"collection":[{"href":"https:\/\/zum-muehlbauer.de\/index.php\/wp-json\/wp\/v2\/pages"}],"about":[{"href":"https:\/\/zum-muehlbauer.de\/index.php\/wp-json\/wp\/v2\/types\/page"}],"author":[{"embeddable":true,"href":"https:\/\/zum-muehlbauer.de\/index.php\/wp-json\/wp\/v2\/users\/1"}],"replies":[{"embeddable":true,"href":"https:\/\/zum-muehlbauer.de\/index.php\/wp-json\/wp\/v2\/comments?post=46"}],"version-history":[{"count":72,"href":"https:\/\/zum-muehlbauer.de\/index.php\/wp-json\/wp\/v2\/pages\/46\/revisions"}],"predecessor-version":[{"id":1302,"href":"https:\/\/zum-muehlbauer.de\/index.php\/wp-json\/wp\/v2\/pages\/46\/revisions\/1302"}],"wp:attachment":[{"href":"https:\/\/zum-muehlbauer.de\/index.php\/wp-json\/wp\/v2\/media?parent=46"}],"curies":[{"name":"wp","href":"https:\/\/api.w.org\/{rel}","templated":true}]}}