{"id":857,"date":"2021-10-05T14:22:37","date_gmt":"2021-10-05T14:22:37","guid":{"rendered":"https:\/\/zum-muehlbauer.de\/?page_id=857"},"modified":"2021-10-05T15:40:34","modified_gmt":"2021-10-05T15:40:34","slug":"impressum","status":"publish","type":"page","link":"https:\/\/zum-muehlbauer.de\/index.php\/impressum\/","title":{"rendered":"Impressum"},"content":{"rendered":"\n<p><\/p>\n\n\n\n<p><\/p>\n\n\n\n<p><strong>Diese Homepage ist ein Informationsangebot von:<\/strong><br>Anna Kiefersauer \u00b7 M\u00fchle 51 1\/3<br>D \u2013 83676 Jachenau<br>Telefon: + 49 8043 \/ 341<br>Kiefersauer(at)web.de<\/p>\n\n\n<p class=\"fonts-plugin-block \"><strong>Fotos:<\/strong> Familie Kiefersauer, pixabay.com<br><strong>Rechtliche Hinweise:<\/strong> Anna Kiefersauer pr\u00fcft und aktualisiert die Informationen auf ihrer Website st\u00e4ndig. Trotz aller Sorgfalt k\u00f6nnen manche Daten fehlerhaft sein. Eine Haftung oder Garantie f\u00fcr die Aktualit\u00e4t, Richtigkeit und Vollst\u00e4ndigkeit der zur Verf\u00fcgung gestellten Informationen kann nicht \u00fcbernommen werden. Gleiches gilt auch f\u00fcr Webseiten, auf die mittels Hyperlink verwiesen wird. Anna Kiefersauer ist f\u00fcr den Inhalt der Webseiten, die aufgrund einer solchen Verbindung erreicht werden, nicht verantwortlich. \u2014 Inhalt und Gestaltung der Internet-Seiten sind gesch\u00fctzt. Eine Vervielf\u00e4ltigung der Inhalte bedarf der vorherigen schriftlichen Zustimmung.<br>Bitte beachten Sie auch unsere <a href=\"https:\/\/zum-muehlbauer.de\/index.php\/datenschutzerklaerung\/\">Datenschutzerkl\u00e4rung<\/a><\/p>\n\n\n<p><\/p>\n","protected":false},"excerpt":{"rendered":"<p>Diese Homepage ist ein Informationsangebot von:Anna Kiefersauer \u00b7 M\u00fchle 51 1\/3D \u2013 83676 JachenauTelefon: + 49 8043 \/ 341Kiefersauer(at)web.de<\/p>\n","protected":false},"author":1,"featured_media":0,"parent":0,"menu_order":0,"comment_status":"closed","ping_status":"closed","template":"","meta":{"ngg_post_thumbnail":0,"footnotes":""},"class_list":["post-857","page","type-page","status-publish","hentry","entry"],"yoast_head":"<!-- This site is optimized with the Yoast SEO plugin v27.6 - https:\/\/yoast.com\/product\/yoast-seo-wordpress\/ -->\n<title>Impressum - Zum M\u00fchlbauer<\/title>\n<meta name=\"robots\" content=\"index, follow, max-snippet:-1, max-image-preview:large, max-video-preview:-1\" \/>\n<link rel=\"canonical\" href=\"https:\/\/zum-muehlbauer.de\/index.php\/impressum\/\" \/>\n<meta property=\"og:locale\" content=\"de_DE\" \/>\n<meta property=\"og:type\" content=\"article\" \/>\n<meta property=\"og:title\" content=\"Impressum - Zum M\u00fchlbauer\" \/>\n<meta property=\"og:description\" content=\"Diese Homepage ist ein Informationsangebot von:Anna Kiefersauer \u00b7 M\u00fchle 51 1\/3D \u2013 83676 JachenauTelefon: + 49 8043 \/ 341Kiefersauer(at)web.de\" \/>\n<meta property=\"og:url\" content=\"https:\/\/zum-muehlbauer.de\/index.php\/impressum\/\" \/>\n<meta property=\"og:site_name\" content=\"Zum M\u00fchlbauer\" \/>\n<meta property=\"article:modified_time\" content=\"2021-10-05T15:40:34+00:00\" \/>\n<meta name=\"twitter:card\" content=\"summary_large_image\" \/>\n<meta name=\"twitter:label1\" content=\"Gesch\u00e4tzte Lesezeit\" \/>\n\t<meta name=\"twitter:data1\" content=\"1\u00a0Minute\" \/>\n<script type=\"application\/ld+json\" class=\"yoast-schema-graph\">{\"@context\":\"https:\\\/\\\/schema.org\",\"@graph\":[{\"@type\":\"WebPage\",\"@id\":\"https:\\\/\\\/zum-muehlbauer.de\\\/index.php\\\/impressum\\\/\",\"url\":\"https:\\\/\\\/zum-muehlbauer.de\\\/index.php\\\/impressum\\\/\",\"name\":\"Impressum - Zum M\u00fchlbauer\",\"isPartOf\":{\"@id\":\"https:\\\/\\\/zum-muehlbauer.de\\\/#website\"},\"datePublished\":\"2021-10-05T14:22:37+00:00\",\"dateModified\":\"2021-10-05T15:40:34+00:00\",\"breadcrumb\":{\"@id\":\"https:\\\/\\\/zum-muehlbauer.de\\\/index.php\\\/impressum\\\/#breadcrumb\"},\"inLanguage\":\"de\",\"potentialAction\":[{\"@type\":\"ReadAction\",\"target\":[\"https:\\\/\\\/zum-muehlbauer.de\\\/index.php\\\/impressum\\\/\"]}]},{\"@type\":\"BreadcrumbList\",\"@id\":\"https:\\\/\\\/zum-muehlbauer.de\\\/index.php\\\/impressum\\\/#breadcrumb\",\"itemListElement\":[{\"@type\":\"ListItem\",\"position\":1,\"name\":\"Home\",\"item\":\"https:\\\/\\\/zum-muehlbauer.de\\\/\"},{\"@type\":\"ListItem\",\"position\":2,\"name\":\"Impressum\"}]},{\"@type\":\"WebSite\",\"@id\":\"https:\\\/\\\/zum-muehlbauer.de\\\/#website\",\"url\":\"https:\\\/\\\/zum-muehlbauer.de\\\/\",\"name\":\"Zum M\u00fchlbauer\",\"description\":\"im Sonnental Jachenau\",\"publisher\":{\"@id\":\"https:\\\/\\\/zum-muehlbauer.de\\\/#organization\"},\"potentialAction\":[{\"@type\":\"SearchAction\",\"target\":{\"@type\":\"EntryPoint\",\"urlTemplate\":\"https:\\\/\\\/zum-muehlbauer.de\\\/?s={search_term_string}\"},\"query-input\":{\"@type\":\"PropertyValueSpecification\",\"valueRequired\":true,\"valueName\":\"search_term_string\"}}],\"inLanguage\":\"de\"},{\"@type\":\"Organization\",\"@id\":\"https:\\\/\\\/zum-muehlbauer.de\\\/#organization\",\"name\":\"Zum M\u00fchlbauer\",\"url\":\"https:\\\/\\\/zum-muehlbauer.de\\\/\",\"logo\":{\"@type\":\"ImageObject\",\"inLanguage\":\"de\",\"@id\":\"https:\\\/\\\/zum-muehlbauer.de\\\/#\\\/schema\\\/logo\\\/image\\\/\",\"url\":\"https:\\\/\\\/zum-muehlbauer.de\\\/wp-content\\\/uploads\\\/2020\\\/12\\\/cropped-Logo.png\",\"contentUrl\":\"https:\\\/\\\/zum-muehlbauer.de\\\/wp-content\\\/uploads\\\/2020\\\/12\\\/cropped-Logo.png\",\"width\":150,\"height\":92,\"caption\":\"Zum M\u00fchlbauer\"},\"image\":{\"@id\":\"https:\\\/\\\/zum-muehlbauer.de\\\/#\\\/schema\\\/logo\\\/image\\\/\"}}]}<\/script>\n<!-- \/ Yoast SEO plugin. -->","yoast_head_json":{"title":"Impressum - Zum M\u00fchlbauer","robots":{"index":"index","follow":"follow","max-snippet":"max-snippet:-1","max-image-preview":"max-image-preview:large","max-video-preview":"max-video-preview:-1"},"canonical":"https:\/\/zum-muehlbauer.de\/index.php\/impressum\/","og_locale":"de_DE","og_type":"article","og_title":"Impressum - Zum M\u00fchlbauer","og_description":"Diese Homepage ist ein Informationsangebot von:Anna Kiefersauer \u00b7 M\u00fchle 51 1\/3D \u2013 83676 JachenauTelefon: + 49 8043 \/ 341Kiefersauer(at)web.de","og_url":"https:\/\/zum-muehlbauer.de\/index.php\/impressum\/","og_site_name":"Zum M\u00fchlbauer","article_modified_time":"2021-10-05T15:40:34+00:00","twitter_card":"summary_large_image","twitter_misc":{"Gesch\u00e4tzte Lesezeit":"1\u00a0Minute"},"schema":{"@context":"https:\/\/schema.org","@graph":[{"@type":"WebPage","@id":"https:\/\/zum-muehlbauer.de\/index.php\/impressum\/","url":"https:\/\/zum-muehlbauer.de\/index.php\/impressum\/","name":"Impressum - Zum M\u00fchlbauer","isPartOf":{"@id":"https:\/\/zum-muehlbauer.de\/#website"},"datePublished":"2021-10-05T14:22:37+00:00","dateModified":"2021-10-05T15:40:34+00:00","breadcrumb":{"@id":"https:\/\/zum-muehlbauer.de\/index.php\/impressum\/#breadcrumb"},"inLanguage":"de","potentialAction":[{"@type":"ReadAction","target":["https:\/\/zum-muehlbauer.de\/index.php\/impressum\/"]}]},{"@type":"BreadcrumbList","@id":"https:\/\/zum-muehlbauer.de\/index.php\/impressum\/#breadcrumb","itemListElement":[{"@type":"ListItem","position":1,"name":"Home","item":"https:\/\/zum-muehlbauer.de\/"},{"@type":"ListItem","position":2,"name":"Impressum"}]},{"@type":"WebSite","@id":"https:\/\/zum-muehlbauer.de\/#website","url":"https:\/\/zum-muehlbauer.de\/","name":"Zum M\u00fchlbauer","description":"im Sonnental Jachenau","publisher":{"@id":"https:\/\/zum-muehlbauer.de\/#organization"},"potentialAction":[{"@type":"SearchAction","target":{"@type":"EntryPoint","urlTemplate":"https:\/\/zum-muehlbauer.de\/?s={search_term_string}"},"query-input":{"@type":"PropertyValueSpecification","valueRequired":true,"valueName":"search_term_string"}}],"inLanguage":"de"},{"@type":"Organization","@id":"https:\/\/zum-muehlbauer.de\/#organization","name":"Zum M\u00fchlbauer","url":"https:\/\/zum-muehlbauer.de\/","logo":{"@type":"ImageObject","inLanguage":"de","@id":"https:\/\/zum-muehlbauer.de\/#\/schema\/logo\/image\/","url":"https:\/\/zum-muehlbauer.de\/wp-content\/uploads\/2020\/12\/cropped-Logo.png","contentUrl":"https:\/\/zum-muehlbauer.de\/wp-content\/uploads\/2020\/12\/cropped-Logo.png","width":150,"height":92,"caption":"Zum M\u00fchlbauer"},"image":{"@id":"https:\/\/zum-muehlbauer.de\/#\/schema\/logo\/image\/"}}]}},"jetpack_sharing_enabled":true,"_links":{"self":[{"href":"https:\/\/zum-muehlbauer.de\/index.php\/wp-json\/wp\/v2\/pages\/857","targetHints":{"allow":["GET"]}}],"collection":[{"href":"https:\/\/zum-muehlbauer.de\/index.php\/wp-json\/wp\/v2\/pages"}],"about":[{"href":"https:\/\/zum-muehlbauer.de\/index.php\/wp-json\/wp\/v2\/types\/page"}],"author":[{"embeddable":true,"href":"https:\/\/zum-muehlbauer.de\/index.php\/wp-json\/wp\/v2\/users\/1"}],"replies":[{"embeddable":true,"href":"https:\/\/zum-muehlbauer.de\/index.php\/wp-json\/wp\/v2\/comments?post=857"}],"version-history":[{"count":6,"href":"https:\/\/zum-muehlbauer.de\/index.php\/wp-json\/wp\/v2\/pages\/857\/revisions"}],"predecessor-version":[{"id":880,"href":"https:\/\/zum-muehlbauer.de\/index.php\/wp-json\/wp\/v2\/pages\/857\/revisions\/880"}],"wp:attachment":[{"href":"https:\/\/zum-muehlbauer.de\/index.php\/wp-json\/wp\/v2\/media?parent=857"}],"curies":[{"name":"wp","href":"https:\/\/api.w.org\/{rel}","templated":true}]}}